{"id":3421,"date":"2020-08-31T11:19:59","date_gmt":"2020-08-31T11:19:59","guid":{"rendered":"https:\/\/siteks.eu\/about-us\/"},"modified":"2025-12-27T21:24:58","modified_gmt":"2025-12-27T21:24:58","slug":"about-us","status":"publish","type":"page","link":"https:\/\/siteks.eu\/en\/about-us\/","title":{"rendered":"About us"},"content":{"rendered":"<p><section id=\"bt_bb_section69e320d45ce13\" data-parallax=\"0.6\" data-parallax-offset=\"-150\" data-background_image_src=\"'https:\/\/siteks.eu\/wp-content\/uploads\/2022\/04\/IMG_7862cover-Copy-1-scaled.jpg'\" class=\"bt_bb_section bt_bb_color_scheme_1 bt_bb_layout_boxed_1200 bt_bb_vertical_align_top bt_bb_parallax btLazyLoadBackground bt_bb_background_image bt_bb_background_overlay_dark_solid bt_bb_top_spacing_large bt_bb_bottom_spacing_100\" style=\"background-image:url(&#039;https:\/\/siteks.eu\/wp-content\/plugins\/bold-page-builder\/img\/blank.gif&#039;);;background-color:#ffffff;\"  data-bt-override-class=\"{&quot;bt_bb_top_spacing_&quot;:{&quot;current_class&quot;:&quot;bt_bb_top_spacing_large&quot;,&quot;def&quot;:&quot;large&quot;,&quot;xl&quot;:&quot;large&quot;},&quot;bt_bb_bottom_spacing_&quot;:{&quot;current_class&quot;:&quot;bt_bb_bottom_spacing_100&quot;,&quot;def&quot;:&quot;100&quot;,&quot;xl&quot;:&quot;100&quot;}}\"><div class=\"bt_bb_port\"><div class=\"bt_bb_cell\"><div class=\"bt_bb_cell_inner\"><div class=\"bt_bb_row \"  data-bt-override-class=\"{}\"><div class=\"bt_bb_row_holder\" ><div  class=\"bt_bb_column col-xxl-6 col-xl-6 bt_bb_vertical_align_top bt_bb_align_left bt_bb_padding_normal bt_bb_animation_fade_in animate\" style=\"; --column-width:6;\" data-width=\"6\" data-bt-override-class=\"{}\"><div class=\"bt_bb_column_content\"><div class=\"bt_bb_column_content_inner\"><div class=\"bt_bb_separator bt_bb_border_style_none bt_bb_bottom_spacing_large\" data-bt-override-class=\"null\"><\/div><header class=\"bt_bb_headline bt_bb_dash_none bt_bb_size_large bt_bb_align_inherit\" data-bt-override-class=\"{&quot;bt_bb_size_&quot;:{&quot;current_class&quot;:&quot;bt_bb_size_large&quot;,&quot;def&quot;:&quot;large&quot;,&quot;xl&quot;:&quot;large&quot;},&quot;bt_bb_align_&quot;:{&quot;current_class&quot;:&quot;bt_bb_align_inherit&quot;,&quot;def&quot;:&quot;inherit&quot;,&quot;xl&quot;:&quot;inherit&quot;}}\"><h2 class=\"bt_bb_headline_tag\"><span class=\"bt_bb_headline_content\"><span>About us<\/span><\/span><\/h2><\/header><div class=\"bt_bb_separator bt_bb_border_style_none bt_bb_bottom_spacing_medium\" data-bt-override-class=\"null\"><\/div><div class=\"bt_bb_separator bt_bb_border_style_none bt_bb_bottom_spacing_100\" data-bt-override-class=\"null\"><\/div><\/div><\/div><\/div><div  class=\"bt_bb_column col-xxl-6 col-xl-6 bt_bb_vertical_align_top bt_bb_align_left bt_bb_padding_normal bt_bb_animation_fade_in zoom_out animate\" style=\"; --column-width:6;\" data-width=\"6\" data-bt-override-class=\"{}\"><div class=\"bt_bb_column_content\"><div class=\"bt_bb_column_content_inner\"><\/div><\/div><\/div><\/div><\/div><\/div><\/div><\/div><\/section><section id=\"bt_bb_section69e320d45d2e9\"  class=\"bt_bb_section bt_bb_layout_boxed_1200 bt_bb_vertical_align_top bt_bb_top_spacing_ bt_bb_bottom_spacing_100\" style=\"z-index: 1;\"  data-bt-override-class=\"{&quot;bt_bb_top_spacing_&quot;:{&quot;current_class&quot;:&quot;bt_bb_top_spacing_&quot;,&quot;def&quot;:&quot;&quot;,&quot;xl&quot;:&quot;&quot;},&quot;bt_bb_bottom_spacing_&quot;:{&quot;current_class&quot;:&quot;bt_bb_bottom_spacing_100&quot;,&quot;def&quot;:&quot;100&quot;,&quot;xl&quot;:&quot;100&quot;}}\"><div class=\"bt_bb_port\"><div class=\"bt_bb_cell\"><div class=\"bt_bb_cell_inner\"><div class=\"bt_bb_row  bt_bb_column_gap_0\" style=\"margin-top: -200px; background-color: rgba(255, 255, 255, 1);; --column-gap:0px;\" data-bt-override-class=\"{}\"><div class=\"bt_bb_row_holder\" ><div  class=\"bt_bb_column col-xxl-12 col-xl-12 col-xs-12 col-sm-12 col-md-12 col-lg-12 bt_bb_vertical_align_top bt_bb_align_left bt_bb_padding_40 bt_bb_animation_fade_in move_up animate\" style=\"; --column-width:12;\" data-width=\"12\" data-bt-override-class=\"{}\"><div class=\"bt_bb_column_content\"><div class=\"bt_bb_column_content_inner\"><div class=\"bt_bb_separator bt_bb_border_style_none bt_bb_bottom_spacing_35\" data-bt-override-class=\"null\"><\/div><div  class=\"bt_bb_text\" ><\/p>\n<blockquote>\n<p><strong>SITEKS<\/strong> \u2013 <a href=\"https:\/\/siteks.eu\/en\/portfolio\/professional-frameless-balcony-glazing\/\">leader in balcony<\/a> glazing solutions in Lithuania, founded in 2005. The company specializes in the design, production, and installation of various balcony glazing structures. Our main goal is to ensure the highest quality of products and services. By collaborating with both individual clients and major construction companies, we believe that our services contribute to enhancing the quality of life in every home.<\/p>\n<\/blockquote>\n<div style=\"text-align: right;\">\u00a0<\/div>\n<p>\n<\/div><div class=\"bt_bb_separator bt_bb_border_style_none bt_bb_bottom_spacing_small\" data-bt-override-class=\"null\"><\/div><div  class=\"bt_bb_text\" ><\/p>\n<p><strong>Pagrindinis m\u016bs\u0173 i\u0161skirtinumas<\/strong> \u2013 profesionalumas ir patikimumas. Over more than a decade of operation, we have gained experience that allows us to make innovative project decisions. Our specialists constantly follow the latest trends in the construction field and apply them in Lithuania. Therefore, we offer our clients not only modern products but also professional service: individual project solutions, quality product installation, and flexible work organization.<\/p>\n<p>\n<\/div><div class=\"bt_bb_separator bt_bb_border_style_none bt_bb_bottom_spacing_small\" data-bt-override-class=\"null\"><\/div><div  class=\"bt_bb_text\" ><\/p>\n<p><strong>MISSION<\/strong> \u2013 advanced solutions for balcony construction and professionally implemented projects<\/p>\n<p>\n<\/div><div class=\"bt_bb_separator bt_bb_border_style_none bt_bb_bottom_spacing_small\" data-bt-override-class=\"null\"><\/div><div  class=\"bt_bb_text\" ><\/p>\n<p><strong>VISION<\/strong> \u2013 a reliable partner in Europe offering comprehensive balcony glazing solutions<\/p>\n<p>\n<\/div><div class=\"bt_bb_separator bt_bb_border_style_none bt_bb_top_spacing_medium bt_bb_bottom_spacing_medium bt_bb_hidden_md bt_bb_hidden_lg\" data-bt-override-class=\"{&quot;bt_bb_top_spacing_&quot;:{&quot;current_class&quot;:&quot;bt_bb_top_spacing_medium&quot;,&quot;def&quot;:&quot;medium&quot;,&quot;xl&quot;:&quot;medium&quot;},&quot;bt_bb_bottom_spacing_&quot;:{&quot;current_class&quot;:&quot;bt_bb_bottom_spacing_medium&quot;,&quot;def&quot;:&quot;medium&quot;,&quot;xl&quot;:&quot;medium&quot;}}\"><\/div><div  class=\"bt_bb_text\" ><\/p>\n<p><strong>VALUES<\/strong><br \/>\n\u2022 <strong>Teamwork.<\/strong> In pursuit of a common goal, we trust each other, communicate openly, share information and experience, take responsibility for our duties, respect colleagues, and work as a team.<br \/>\n\u2022 <strong>Respect for employees.<\/strong> The opinion of every person working in the company is important. Our personal initiatives are valued, and the opportunity for maximum development is provided.<br \/>\n\u2022 <strong>Development.<\/strong> We analyze our own and colleagues\u2019 experiences, seek solutions based on the latest ideas, and continuously develop our personal professionalism and competence.<br \/>\n\u2022<strong> Partnership.<\/strong> Clients and suppliers are our valuable partners. In pursuit of optimal results, we seek solutions together and value long-term cooperation.<\/p>\n<p>\n<\/div><div class=\"bt_bb_separator bt_bb_border_style_none bt_bb_bottom_spacing_medium bt_bb_hidden_md bt_bb_hidden_lg\" data-bt-override-class=\"null\"><\/div><\/div><\/div><\/div><\/div><\/div><\/div><\/div><\/div><\/section><\/p>\n","protected":false},"excerpt":{"rendered":"<p>Interactively procrastinate high-payoff content without backward-compatible data. Quickly cultivate optimal processes and tactical architectures. Completely iterate covalent strategic theme areas via accurate e-markets.<\/p>\n","protected":false},"author":1,"featured_media":0,"parent":0,"menu_order":0,"comment_status":"closed","ping_status":"closed","template":"","meta":{"cybocfi_hide_featured_image":"","footnotes":""},"class_list":["post-3421","page","type-page","status-publish","hentry"],"_links":{"self":[{"href":"https:\/\/siteks.eu\/en\/wp-json\/wp\/v2\/pages\/3421","targetHints":{"allow":["GET"]}}],"collection":[{"href":"https:\/\/siteks.eu\/en\/wp-json\/wp\/v2\/pages"}],"about":[{"href":"https:\/\/siteks.eu\/en\/wp-json\/wp\/v2\/types\/page"}],"author":[{"embeddable":true,"href":"https:\/\/siteks.eu\/en\/wp-json\/wp\/v2\/users\/1"}],"replies":[{"embeddable":true,"href":"https:\/\/siteks.eu\/en\/wp-json\/wp\/v2\/comments?post=3421"}],"version-history":[{"count":3,"href":"https:\/\/siteks.eu\/en\/wp-json\/wp\/v2\/pages\/3421\/revisions"}],"predecessor-version":[{"id":3934,"href":"https:\/\/siteks.eu\/en\/wp-json\/wp\/v2\/pages\/3421\/revisions\/3934"}],"wp:attachment":[{"href":"https:\/\/siteks.eu\/en\/wp-json\/wp\/v2\/media?parent=3421"}],"curies":[{"name":"wp","href":"https:\/\/api.w.org\/{rel}","templated":true}]}}